{"id":5585,"date":"2025-02-04T13:36:19","date_gmt":"2025-02-04T13:36:19","guid":{"rendered":"https:\/\/www.emmacano.com\/portfolio\/luz-en-hipocratia\/"},"modified":"2025-03-17T10:14:21","modified_gmt":"2025-03-17T10:14:21","slug":"light-in-hypocracy","status":"publish","type":"page","link":"https:\/\/www.emmacano.com\/en\/portfolio\/light-in-hypocracy\/","title":{"rendered":"Light in Hypocracy"},"content":{"rendered":"<div class=\"wpb-content-wrapper\"><p>[vc_row][vc_column][vc_column_text]<\/p>\n<h3>La Real Academia Nacional de Medicina, expone la obra \u00abLuz en Hipocratia\u00bb<\/h3>\n<p>[\/vc_column_text][vc_empty_space height=&#8221;15px&#8221;][vc_row_inner content_placement=&#8221;top&#8221;][vc_column_inner width=&#8221;5\/12&#8243;][vc_column_text css=&#8221;&#8221;]<\/p>\n<p data-wp-editing=\"1\"><img decoding=\"async\" class=\"alignleft wp-image-4630 size-full\" src=\"https:\/\/www.emmacano.com\/wp-content\/uploads\/2022\/03\/RANM.jpg\" alt=\"\" width=\"900\" height=\"610\" srcset=\"https:\/\/www.emmacano.com\/wp-content\/uploads\/2022\/03\/RANM.jpg 900w, https:\/\/www.emmacano.com\/wp-content\/uploads\/2022\/03\/RANM-300x203.jpg 300w, https:\/\/www.emmacano.com\/wp-content\/uploads\/2022\/03\/RANM-768x521.jpg 768w\" sizes=\"(max-width: 900px) 100vw, 900px\" \/><\/p>\n<p>[\/vc_column_text][\/vc_column_inner][vc_column_inner width=&#8221;7\/12&#8243; css=&#8221;.vc_custom_1738147544764{margin-top: -3px !important;}&#8221;][vc_column_text css=&#8221;&#8221;]&#8221;M\u00e9dicos, enfermeras, acostumbrados a tocar la miseria del hombre, se pasean dando recetas, consejos, derrochando ternura y comprensi\u00f3n. Son capaces de combinar esa suerte de amor que profesan a la humanidad, con una especie de distancia que les protege del contagio del dolor de otros. Con todo, se angustian, sufren, se encari\u00f1an con los pacientes, con los que a veces establecen una verdadera relaci\u00f3n de amistad&#8221;. Son palabras de la pintora Emma Cano, que expone en la Real Academia Nacional de Medicina una magistral muestra de su especializada obra sobre la relaci\u00f3n m\u00e9dico-enfermo y la condici\u00f3n humana.[\/vc_column_text][\/vc_column_inner][\/vc_row_inner][vc_empty_space height=&#8221;15px&#8221;][vc_masonry_media_grid grid_id=&#8221;vc_gid:1742206340347-ed785159-5b3f-2&#8243; include=&#8221;5410,4757,4046,4031,4034,4037,4853,4055,4049,4094,4112,4850,4856,4067,4070,4079,4082,4091,4097,4103,4115,4073,4106,4064,4739,4124,4028,4043,4061,4109,4118,4058,4847&#8243;][vc_empty_space height=&#8221;15px&#8221;][\/vc_column][\/vc_row]<\/p>\n<\/div>","protected":false},"excerpt":{"rendered":"<p>[vc_row][vc_column][vc_column_text] La Real Academia Nacional de Medicina, expone la obra \u00abLuz en Hipocratia\u00bb [\/vc_column_text][vc_empty_space height=&#8221;15px&#8221;][vc_row_inner content_placement=&#8221;top&#8221;][vc_column_inner width=&#8221;5\/12&#8243;][vc_column_text css=&#8221;&#8221;] [\/vc_column_text][\/vc_column_inner][vc_column_inner width=&#8221;7\/12&#8243; css=&#8221;.vc_custom_1738147544764{margin-top: -3px !important;}&#8221;][vc_column_text css=&#8221;&#8221;]&#8221;M\u00e9dicos, enfermeras, acostumbrados a tocar la miseria del hombre, se pasean dando recetas, consejos, derrochando ternura y comprensi\u00f3n. Son capaces de combinar esa suerte de amor que profesan a la humanidad, con [&hellip;]<\/p>\n","protected":false},"author":1,"featured_media":4853,"parent":4992,"menu_order":14,"comment_status":"closed","ping_status":"closed","template":"","meta":{"footnotes":""},"class_list":["post-5585","page","type-page","status-publish","has-post-thumbnail","hentry"],"_links":{"self":[{"href":"https:\/\/www.emmacano.com\/en\/wp-json\/wp\/v2\/pages\/5585","targetHints":{"allow":["GET"]}}],"collection":[{"href":"https:\/\/www.emmacano.com\/en\/wp-json\/wp\/v2\/pages"}],"about":[{"href":"https:\/\/www.emmacano.com\/en\/wp-json\/wp\/v2\/types\/page"}],"author":[{"embeddable":true,"href":"https:\/\/www.emmacano.com\/en\/wp-json\/wp\/v2\/users\/1"}],"replies":[{"embeddable":true,"href":"https:\/\/www.emmacano.com\/en\/wp-json\/wp\/v2\/comments?post=5585"}],"version-history":[{"count":0,"href":"https:\/\/www.emmacano.com\/en\/wp-json\/wp\/v2\/pages\/5585\/revisions"}],"up":[{"embeddable":true,"href":"https:\/\/www.emmacano.com\/en\/wp-json\/wp\/v2\/pages\/4992"}],"wp:featuredmedia":[{"embeddable":true,"href":"https:\/\/www.emmacano.com\/en\/wp-json\/wp\/v2\/media\/4853"}],"wp:attachment":[{"href":"https:\/\/www.emmacano.com\/en\/wp-json\/wp\/v2\/media?parent=5585"}],"curies":[{"name":"wp","href":"https:\/\/api.w.org\/{rel}","templated":true}]}}