{"id":5586,"date":"2025-02-04T13:36:19","date_gmt":"2025-02-04T13:36:19","guid":{"rendered":"https:\/\/www.emmacano.com\/portfolio\/luz-en-hipocratia\/"},"modified":"2025-03-17T10:15:06","modified_gmt":"2025-03-17T10:15:06","slug":"licht-in-hipocratia","status":"publish","type":"page","link":"https:\/\/www.emmacano.com\/de\/portfolio\/licht-in-hipocratia\/","title":{"rendered":"Licht in Hipocratia"},"content":{"rendered":"<div class=\"wpb-content-wrapper\"><p>[vc_row][vc_column][vc_column_text]<\/p>\n<h3>La Real Academia Nacional de Medicina, expone la obra \u00abLuz en Hipocratia\u00bb<\/h3>\n<p>[\/vc_column_text][vc_empty_space height=&#8220;15px&#8220;][vc_row_inner content_placement=&#8220;top&#8220;][vc_column_inner width=&#8220;5\/12&#8243;][vc_column_text css=&#8220;&#8220;]<\/p>\n<p data-wp-editing=\"1\"><img decoding=\"async\" class=\"alignleft wp-image-4630 size-full\" src=\"https:\/\/www.emmacano.com\/wp-content\/uploads\/2022\/03\/RANM.jpg\" alt=\"\" width=\"900\" height=\"610\" srcset=\"https:\/\/www.emmacano.com\/wp-content\/uploads\/2022\/03\/RANM.jpg 900w, https:\/\/www.emmacano.com\/wp-content\/uploads\/2022\/03\/RANM-300x203.jpg 300w, https:\/\/www.emmacano.com\/wp-content\/uploads\/2022\/03\/RANM-768x521.jpg 768w\" sizes=\"(max-width: 900px) 100vw, 900px\" \/><\/p>\n<p>[\/vc_column_text][\/vc_column_inner][vc_column_inner width=&#8220;7\/12&#8243; css=&#8220;.vc_custom_1738147544764{margin-top: -3px !important;}&#8220;][vc_column_text css=&#8220;&#8220;]&#8220;M\u00e9dicos, enfermeras, acostumbrados a tocar la miseria del hombre, se pasean dando recetas, consejos, derrochando ternura y comprensi\u00f3n. Son capaces de combinar esa suerte de amor que profesan a la humanidad, con una especie de distancia que les protege del contagio del dolor de otros. Con todo, se angustian, sufren, se encari\u00f1an con los pacientes, con los que a veces establecen una verdadera relaci\u00f3n de amistad&#8220;. Son palabras de la pintora Emma Cano, que expone en la Real Academia Nacional de Medicina una magistral muestra de su especializada obra sobre la relaci\u00f3n m\u00e9dico-enfermo y la condici\u00f3n humana.[\/vc_column_text][\/vc_column_inner][\/vc_row_inner][vc_empty_space height=&#8220;15px&#8220;][vc_masonry_media_grid grid_id=&#8220;vc_gid:1742206340347-ed785159-5b3f-2&#8243; include=&#8220;5411,4758,4047,4032,4035,4038,4854,4056,4050,4095,4113,4851,4857,4068,4071,4080,4083,4092,4098,4104,4116,4074,4107,4065,4740,4125,4029,4044,4062,4110,4119,4059,4848&#8243;][vc_empty_space height=&#8220;15px&#8220;][\/vc_column][\/vc_row]<\/p>\n<\/div>","protected":false},"excerpt":{"rendered":"<p>[vc_row][vc_column][vc_column_text] La Real Academia Nacional de Medicina, expone la obra \u00abLuz en Hipocratia\u00bb [\/vc_column_text][vc_empty_space height=&#8220;15px&#8220;][vc_row_inner content_placement=&#8220;top&#8220;][vc_column_inner width=&#8220;5\/12&#8243;][vc_column_text css=&#8220;&#8220;] [\/vc_column_text][\/vc_column_inner][vc_column_inner width=&#8220;7\/12&#8243; css=&#8220;.vc_custom_1738147544764{margin-top: -3px !important;}&#8220;][vc_column_text css=&#8220;&#8220;]&#8220;M\u00e9dicos, enfermeras, acostumbrados a tocar la miseria del hombre, se pasean dando recetas, consejos, derrochando ternura y comprensi\u00f3n. Son capaces de combinar esa suerte de amor que profesan a la humanidad, con [&hellip;]<\/p>\n","protected":false},"author":1,"featured_media":4854,"parent":4993,"menu_order":14,"comment_status":"closed","ping_status":"closed","template":"","meta":{"footnotes":""},"class_list":["post-5586","page","type-page","status-publish","has-post-thumbnail","hentry"],"_links":{"self":[{"href":"https:\/\/www.emmacano.com\/de\/wp-json\/wp\/v2\/pages\/5586","targetHints":{"allow":["GET"]}}],"collection":[{"href":"https:\/\/www.emmacano.com\/de\/wp-json\/wp\/v2\/pages"}],"about":[{"href":"https:\/\/www.emmacano.com\/de\/wp-json\/wp\/v2\/types\/page"}],"author":[{"embeddable":true,"href":"https:\/\/www.emmacano.com\/de\/wp-json\/wp\/v2\/users\/1"}],"replies":[{"embeddable":true,"href":"https:\/\/www.emmacano.com\/de\/wp-json\/wp\/v2\/comments?post=5586"}],"version-history":[{"count":0,"href":"https:\/\/www.emmacano.com\/de\/wp-json\/wp\/v2\/pages\/5586\/revisions"}],"up":[{"embeddable":true,"href":"https:\/\/www.emmacano.com\/de\/wp-json\/wp\/v2\/pages\/4993"}],"wp:featuredmedia":[{"embeddable":true,"href":"https:\/\/www.emmacano.com\/de\/wp-json\/wp\/v2\/media\/4854"}],"wp:attachment":[{"href":"https:\/\/www.emmacano.com\/de\/wp-json\/wp\/v2\/media?parent=5586"}],"curies":[{"name":"wp","href":"https:\/\/api.w.org\/{rel}","templated":true}]}}