{"id":4884,"date":"2011-02-21T11:47:49","date_gmt":"2011-02-21T11:47:49","guid":{"rendered":"https:\/\/www.emmacano.com\/biografia\/"},"modified":"2023-09-22T10:41:18","modified_gmt":"2023-09-22T10:41:18","slug":"biographie","status":"publish","type":"page","link":"https:\/\/www.emmacano.com\/de\/biographie\/","title":{"rendered":"Biographie"},"content":{"rendered":"<div class=\"wpb-content-wrapper\"><p>[vc_row content_placement=&#8220;top&#8220;][vc_column width=&#8220;1\/3&#8243;][vc_empty_space][vc_column_text]<img decoding=\"async\" class=\"alignnone wp-image-3885\" src=\"https:\/\/www.emmacano.com\/wp-content\/uploads\/2022\/07\/emma-cano.jpg\" alt=\"\" width=\"400\" height=\"455\" srcset=\"https:\/\/www.emmacano.com\/wp-content\/uploads\/2022\/07\/emma-cano.jpg 300w, https:\/\/www.emmacano.com\/wp-content\/uploads\/2022\/07\/emma-cano-264x300.jpg 264w\" sizes=\"(max-width: 400px) 100vw, 400px\" \/>[\/vc_column_text][\/vc_column][vc_column width=&#8220;2\/3&#8243;][vc_empty_space][vc_column_text]<\/p>\n<h4><strong>Ich wurde als Maler geboren, obwohl ich nicht wei\u00df, in welchem Alter ich meine ersten Striche mit einem abgenutzten Bleistift machte oder meine noch ungeschickten H\u00e4nde mit Buntstiften befleckte. In meinen fr\u00fchesten Erinnerungen an mich selbst ist meine Leidenschaft f\u00fcr das Zeichnen und Malen pr\u00e4sent. Meine Berufung war immer klar: &#8222;Ich werde Maler&#8220;.<\/strong><\/h4>\n<p>[\/vc_column_text][vc_column_text]Und wie ein Drogens\u00fcchtiger an seiner Dosis h\u00e4ngt, hat das Leben tausend Wendungen genommen, aber ich habe weiter gemalt, egal welches Motiv oder welche Technik, ich habe mit dekorativen Wandbildern, Portr\u00e4ts oder Illustrationen, Kohlezeichnungen oder \u00d6lgem\u00e4lden experimentiert.<\/p>\n<p>Da ich aus Asturien stamme, haben sich meine Augen bald an die nat\u00fcrliche Sch\u00f6nheit der Landschaften gew\u00f6hnt, an das intensive Gr\u00fcn, das man fast riechen kann, an die Bravour des Meeres und die imposante Ruhe der Berge. Dort hatte ich das Gl\u00fcck, schon als Kind von einem Meister der Landschaftsmalerei zu lernen: C\u00e9sar Pola, der mir die Faszination f\u00fcr die Malerei inmitten der Natur vermitteln konnte.<\/p>\n<p>Sp\u00e4ter besuchte ich Zeichen- und Modellierkurse an der Kunstgewerbeschule in Oviedo, und da es in meiner Stadt keine Fakult\u00e4t der Sch\u00f6nen K\u00fcnste gab, absolvierte ich ein Philologiestudium, so dass ich mich als Halb-Autodidakt bezeichnen kann.<\/p>\n<p>Meine Jugend verbrachte ich inmitten der ger\u00f6steten, gelben und sepiafarbenen W\u00fcste von Almeria. Dort malte ich Wandbilder, Portr\u00e4ts von Touristen, Zeichnungen und Bilder von den kargen Landschaften der Gegend und von den Menschen, die mir Posen anboten. Ich habe auch in Berlin oder in Finnland, auf den Kanarischen Inseln oder in Madrid gezeichnet&#8230; Wo auch immer ich war, meine Striche tanzten immer frei und unaufhaltsam&#8230;[\/vc_column_text][vc_column_text]<\/p>\n<blockquote>\n<h3>Wo auch immer ich war, meine Striche haben immer frei getanzt, unaufhaltsam&#8230;<\/h3>\n<\/blockquote>\n<p>[\/vc_column_text][vc_column_text]Seit 1991 lebe ich auf Mallorca. Hier arbeite ich als Illustrator und Fotograf f\u00fcr die Zeitschrift Miss\u00e8r, die von der Anwaltskammer der Balearen herausgegeben wird. Ich hatte das Gl\u00fcck, dass ich ausgew\u00e4hlt wurde, um illustre Pers\u00f6nlichkeiten des Rechtswesens zu portr\u00e4tieren, und im Jahr 2001 gab die K\u00f6nigliche Akademie f\u00fcr Medizin ein Portr\u00e4t des K\u00f6nigs f\u00fcr ihren Sitz in Madrid in Auftrag.<\/p>\n<p>Ich mag und genie\u00dfe es besonders, Illustrationen anzufertigen, da juristische oder gerichtliche Themen sehr abstrakt sind und sich nur schwer in einer Zeichnung zusammenfassen lassen, was eine Herausforderung f\u00fcr meine Kreativit\u00e4t darstellt.<\/p>\n<p>Auf dieser sch\u00f6nen Insel hatte ich mehrere Ausstellungen und habe an verschiedenen Projekten gearbeitet, die mir gefallen haben, wie z. B. Trompe l&#8217;oeil oder Wandmalereien f\u00fcr Privath\u00e4user oder Hotels. Dar\u00fcber hinaus wurden meine Arbeiten mit einigen Preisen ausgezeichnet.<\/p>\n<p>Obwohl meine Malerei figurativ ist, f\u00fchle ich mich keiner bestimmten Schule oder Stilrichtung zugeh\u00f6rig. Vielleicht hat mich die Tatsache, dass ich Autodidaktin bin, von dieser Klassifizierung befreit. Das freie Flattern derer, die sich mit Sch\u00f6nheit ausdr\u00fccken, sp\u00fcrt man immer in meinen Fingern, meinem Blick und meinen Gedanken.[\/vc_column_text][\/vc_column][\/vc_row]<\/p>\n<\/div>","protected":false},"excerpt":{"rendered":"<p>[vc_row content_placement=&#8220;top&#8220;][vc_column width=&#8220;1\/3&#8243;][vc_empty_space][vc_column_text][\/vc_column_text][\/vc_column][vc_column width=&#8220;2\/3&#8243;][vc_empty_space][vc_column_text] Ich wurde als Maler geboren, obwohl ich nicht wei\u00df, in welchem Alter ich meine ersten Striche mit einem abgenutzten Bleistift machte oder meine noch ungeschickten H\u00e4nde mit Buntstiften befleckte. In meinen fr\u00fchesten Erinnerungen an mich selbst ist meine Leidenschaft f\u00fcr das Zeichnen und Malen pr\u00e4sent. Meine Berufung war immer klar: &#8222;Ich [&hellip;]<\/p>\n","protected":false},"author":1,"featured_media":0,"parent":0,"menu_order":2,"comment_status":"closed","ping_status":"closed","template":"template-fullwidth.php","meta":{"footnotes":""},"class_list":["post-4884","page","type-page","status-publish","hentry"],"_links":{"self":[{"href":"https:\/\/www.emmacano.com\/de\/wp-json\/wp\/v2\/pages\/4884","targetHints":{"allow":["GET"]}}],"collection":[{"href":"https:\/\/www.emmacano.com\/de\/wp-json\/wp\/v2\/pages"}],"about":[{"href":"https:\/\/www.emmacano.com\/de\/wp-json\/wp\/v2\/types\/page"}],"author":[{"embeddable":true,"href":"https:\/\/www.emmacano.com\/de\/wp-json\/wp\/v2\/users\/1"}],"replies":[{"embeddable":true,"href":"https:\/\/www.emmacano.com\/de\/wp-json\/wp\/v2\/comments?post=4884"}],"version-history":[{"count":0,"href":"https:\/\/www.emmacano.com\/de\/wp-json\/wp\/v2\/pages\/4884\/revisions"}],"wp:attachment":[{"href":"https:\/\/www.emmacano.com\/de\/wp-json\/wp\/v2\/media?parent=4884"}],"curies":[{"name":"wp","href":"https:\/\/api.w.org\/{rel}","templated":true}]}}